{"id":25,"date":"2019-11-28T18:10:26","date_gmt":"2019-11-28T18:10:26","guid":{"rendered":"https:\/\/matarsylla.com\/?page_id=25"},"modified":"2024-11-24T15:04:32","modified_gmt":"2024-11-24T15:04:32","slug":"portfolio","status":"publish","type":"page","link":"https:\/\/matarsylla.com\/index.php\/portfolio\/","title":{"rendered":"Portfolio"},"content":{"rendered":"<section class=\"fw-main-row \"  >\n\t<div class=\"fw-container\">\n\t\t<div class=\"row\">\n\t\r\n\r\n<div class=\" col-xs-12 col-sm-12 \">\r\n    <div id=\"col_inner_58b532e81a0ac9bc82f24ba50266c83e\" class=\"fw-col-inner\" data-paddings=\"0px 0px 0px 0px\">\r\n    \t\n                        \n    <!-- Portfolio Content -->\n    <div id=\"portfolio_content_7730da50332b2005ddd6b098146a3670\" class=\"portfolio-content\" data-categories=\"3\">\n\n        \n        \n        <!-- Portfolio Grid -->\n        <div class=\"portfolio-grid two-columns\" >\n\n                                <!-- Portfolio Item 637 -->\n                        <figure class=\"item standard\" data-groups='[\"category_all\", &quot;category_expertise&quot;]'>\n                            <div class=\"portfolio-item-img\">\n                            <img loading=\"lazy\" decoding=\"async\" width=\"666\" height=\"380\" src=\"https:\/\/matarsylla.com\/wp-content\/uploads\/2025\/07\/roux_afrique_afrique.jpg\" class=\"attachment-portfolio-image-two-c size-portfolio-image-two-c wp-post-image\" alt=\"Missions d&#8217;expertise pour ROUX Afrique\" title=\"\" srcset=\"https:\/\/matarsylla.com\/wp-content\/uploads\/2025\/07\/roux_afrique_afrique.jpg 666w, https:\/\/matarsylla.com\/wp-content\/uploads\/2025\/07\/roux_afrique_afrique-300x171.jpg 300w\" sizes=\"auto, (max-width: 768px) 92vw, (max-width: 992px) 450px, (max-width: 1200px) 597px, 40vw\" \/>\n                              \n                                                                                <a href=\"https:\/\/matarsylla.com\/index.php\/project\/missions-dexpertise-pour-roux-afrique\/\" class=\"ajax-page-load\"><\/a>\n                                                                                                        <!-- \/Image -->\n                            <\/div>\n\n                            <i class=\"fa fa-file-text-o\"><\/i>\n\n                            \n                            <h4 class=\"name\">Missions d&#8217;expertise pour ROUX Afrique<\/h4>\n                            <span class=\"category\">expertise<\/span>\n                        <\/figure>\n                        <!-- \/Portfolio Item 637 -->\n                                            <!-- Portfolio Item 629 -->\n                        <figure class=\"item standard\" data-groups='[\"category_all\", &quot;category_expertise&quot;]'>\n                            <div class=\"portfolio-item-img\">\n                            <img loading=\"lazy\" decoding=\"async\" width=\"1050\" height=\"600\" src=\"https:\/\/matarsylla.com\/wp-content\/uploads\/2025\/07\/sococim_overview.jpg\" class=\"attachment-portfolio-image-two-c size-portfolio-image-two-c wp-post-image\" alt=\"Audit SOCOCIM Industries\" title=\"\" srcset=\"https:\/\/matarsylla.com\/wp-content\/uploads\/2025\/07\/sococim_overview.jpg 1050w, https:\/\/matarsylla.com\/wp-content\/uploads\/2025\/07\/sococim_overview-300x171.jpg 300w, https:\/\/matarsylla.com\/wp-content\/uploads\/2025\/07\/sococim_overview-1024x585.jpg 1024w, https:\/\/matarsylla.com\/wp-content\/uploads\/2025\/07\/sococim_overview-768x439.jpg 768w\" sizes=\"auto, (max-width: 768px) 92vw, (max-width: 992px) 450px, (max-width: 1200px) 597px, 40vw\" \/>\n                              \n                                                                                <a href=\"https:\/\/matarsylla.com\/index.php\/project\/audit-sococim-industries\/\" class=\"ajax-page-load\"><\/a>\n                                                                                                        <!-- \/Image -->\n                            <\/div>\n\n                            <i class=\"fa fa-file-text-o\"><\/i>\n\n                            \n                            <h4 class=\"name\">Audit SOCOCIM Industries<\/h4>\n                            <span class=\"category\">expertise<\/span>\n                        <\/figure>\n                        <!-- \/Portfolio Item 629 -->\n                                            <!-- Portfolio Item 607 -->\n                        <figure class=\"item standard\" data-groups='[\"category_all\", &quot;category_expertise&quot;]'>\n                            <div class=\"portfolio-item-img\">\n                            <img loading=\"lazy\" decoding=\"async\" width=\"2400\" height=\"1372\" src=\"https:\/\/matarsylla.com\/wp-content\/uploads\/2025\/07\/salt.jpg\" class=\"attachment-portfolio-image-two-c size-portfolio-image-two-c wp-post-image\" alt=\"Mise en route Usine raffinage sel, Fatick\" title=\"\" srcset=\"https:\/\/matarsylla.com\/wp-content\/uploads\/2025\/07\/salt.jpg 2400w, https:\/\/matarsylla.com\/wp-content\/uploads\/2025\/07\/salt-300x172.jpg 300w, https:\/\/matarsylla.com\/wp-content\/uploads\/2025\/07\/salt-1024x585.jpg 1024w, https:\/\/matarsylla.com\/wp-content\/uploads\/2025\/07\/salt-768x439.jpg 768w, https:\/\/matarsylla.com\/wp-content\/uploads\/2025\/07\/salt-1536x878.jpg 1536w, https:\/\/matarsylla.com\/wp-content\/uploads\/2025\/07\/salt-2048x1171.jpg 2048w\" sizes=\"auto, (max-width: 768px) 92vw, (max-width: 992px) 450px, (max-width: 1200px) 597px, 40vw\" \/>\n                              \n                                                                                <a href=\"https:\/\/matarsylla.com\/index.php\/project\/mise-en-route-usine-raffinage-sel\/\" class=\"ajax-page-load\"><\/a>\n                                                                                                        <!-- \/Image -->\n                            <\/div>\n\n                            <i class=\"fa fa-file-text-o\"><\/i>\n\n                            \n                            <h4 class=\"name\">Mise en route Usine raffinage sel, Fatick<\/h4>\n                            <span class=\"category\">expertise<\/span>\n                        <\/figure>\n                        <!-- \/Portfolio Item 607 -->\n                                            <!-- Portfolio Item 590 -->\n                        <figure class=\"item standard\" data-groups='[\"category_all\", &quot;category_expertise&quot;]'>\n                            <div class=\"portfolio-item-img\">\n                            <img loading=\"lazy\" decoding=\"async\" width=\"1792\" height=\"1024\" src=\"https:\/\/matarsylla.com\/wp-content\/uploads\/2025\/07\/cement-mill-chatgpt.webp\" class=\"attachment-portfolio-image-two-c size-portfolio-image-two-c wp-post-image\" alt=\"Mission d&#8217;Audit pour BSA Ciment, Nouakchott\" title=\"\" srcset=\"https:\/\/matarsylla.com\/wp-content\/uploads\/2025\/07\/cement-mill-chatgpt.webp 1792w, https:\/\/matarsylla.com\/wp-content\/uploads\/2025\/07\/cement-mill-chatgpt-300x171.webp 300w, https:\/\/matarsylla.com\/wp-content\/uploads\/2025\/07\/cement-mill-chatgpt-1024x585.webp 1024w, https:\/\/matarsylla.com\/wp-content\/uploads\/2025\/07\/cement-mill-chatgpt-768x439.webp 768w, https:\/\/matarsylla.com\/wp-content\/uploads\/2025\/07\/cement-mill-chatgpt-1536x878.webp 1536w\" sizes=\"auto, (max-width: 768px) 92vw, (max-width: 992px) 450px, (max-width: 1200px) 597px, 40vw\" \/>\n                              \n                                                                                <a href=\"https:\/\/matarsylla.com\/index.php\/project\/mission-daudit-pour-bsa-ciment-nouakchott\/\" class=\"ajax-page-load\"><\/a>\n                                                                                                        <!-- \/Image -->\n                            <\/div>\n\n                            <i class=\"fa fa-file-text-o\"><\/i>\n\n                            \n                            <h4 class=\"name\">Mission d&#8217;Audit pour BSA Ciment, Nouakchott<\/h4>\n                            <span class=\"category\">expertise<\/span>\n                        <\/figure>\n                        <!-- \/Portfolio Item 590 -->\n                                            <!-- Portfolio Item 579 -->\n                        <figure class=\"item standard\" data-groups='[\"category_all\", &quot;category_expertise&quot;]'>\n                            <div class=\"portfolio-item-img\">\n                            <img loading=\"lazy\" decoding=\"async\" width=\"1996\" height=\"1136\" src=\"https:\/\/matarsylla.com\/wp-content\/uploads\/2025\/07\/warehouse.jpg\" class=\"attachment-portfolio-image-two-c size-portfolio-image-two-c wp-post-image\" alt=\"Installations industrielles pour SEDAB SA\" title=\"\" srcset=\"https:\/\/matarsylla.com\/wp-content\/uploads\/2025\/07\/warehouse.jpg 1996w, https:\/\/matarsylla.com\/wp-content\/uploads\/2025\/07\/warehouse-300x171.jpg 300w, https:\/\/matarsylla.com\/wp-content\/uploads\/2025\/07\/warehouse-1024x583.jpg 1024w, https:\/\/matarsylla.com\/wp-content\/uploads\/2025\/07\/warehouse-768x437.jpg 768w, https:\/\/matarsylla.com\/wp-content\/uploads\/2025\/07\/warehouse-1536x874.jpg 1536w\" sizes=\"auto, (max-width: 768px) 92vw, (max-width: 992px) 450px, (max-width: 1200px) 597px, 40vw\" \/>\n                              \n                                                                                <a href=\"https:\/\/matarsylla.com\/index.php\/project\/installations-industrielles\/\" class=\"ajax-page-load\"><\/a>\n                                                                                                        <!-- \/Image -->\n                            <\/div>\n\n                            <i class=\"fa fa-file-text-o\"><\/i>\n\n                            \n                            <h4 class=\"name\">Installations industrielles pour SEDAB SA<\/h4>\n                            <span class=\"category\">expertise<\/span>\n                        <\/figure>\n                        <!-- \/Portfolio Item 579 -->\n                                            <!-- Portfolio Item 516 -->\n                        <figure class=\"item standard\" data-groups='[\"category_all\", &quot;category_expertise&quot;]'>\n                            <div class=\"portfolio-item-img\">\n                            <img loading=\"lazy\" decoding=\"async\" width=\"2000\" height=\"1142\" src=\"https:\/\/matarsylla.com\/wp-content\/uploads\/2025\/07\/jc-bonassin.jpg\" class=\"attachment-portfolio-image-two-c size-portfolio-image-two-c wp-post-image\" alt=\"Expertise pour MCC Niger\" title=\"\" srcset=\"https:\/\/matarsylla.com\/wp-content\/uploads\/2025\/07\/jc-bonassin.jpg 2000w, https:\/\/matarsylla.com\/wp-content\/uploads\/2025\/07\/jc-bonassin-300x171.jpg 300w, https:\/\/matarsylla.com\/wp-content\/uploads\/2025\/07\/jc-bonassin-1024x585.jpg 1024w, https:\/\/matarsylla.com\/wp-content\/uploads\/2025\/07\/jc-bonassin-768x439.jpg 768w, https:\/\/matarsylla.com\/wp-content\/uploads\/2025\/07\/jc-bonassin-1536x877.jpg 1536w\" sizes=\"auto, (max-width: 768px) 92vw, (max-width: 992px) 450px, (max-width: 1200px) 597px, 40vw\" \/>\n                              \n                                                                                <a href=\"https:\/\/matarsylla.com\/index.php\/project\/516\/\" class=\"ajax-page-load\"><\/a>\n                                                                                                        <!-- \/Image -->\n                            <\/div>\n\n                            <i class=\"fa fa-file-text-o\"><\/i>\n\n                            \n                            <h4 class=\"name\">Expertise pour MCC Niger<\/h4>\n                            <span class=\"category\">expertise<\/span>\n                        <\/figure>\n                        <!-- \/Portfolio Item 516 -->\n                            <\/div>\n\n        \n    <\/div>\n\t<\/div>\r\n<\/div>\r\n<\/div>\n\n\t<\/div>\n<\/section>\n\n","protected":false},"excerpt":{"rendered":"<p>\u00c0 la suite du contentieux judiciaire l\u2019opposant \u00e0 son partenaire technique, Qui \u00e9tait \u00e0 la fois le bureau d\u2019ing\u00e9nierie et le ma\u00eetre d\u2019ouvrage, la NCN (Nouvelle Cimenterie du Niger, devenue MCC &#8211; Malbaza Cement Company) nous a commandit\u00e9 un audit technique en juin-juillet 2016.Cet audit visait \u00e0 d\u00e9finir l\u2019\u00e9tat d\u2019avancement des travaux de montage de&#8230;<\/p>\n<p><a class=\"read-more\" href=\"https:\/\/matarsylla.com\/index.php\/project\/516\/\">Read More<\/a><\/p>\n","protected":false},"author":1,"featured_media":0,"parent":0,"menu_order":0,"comment_status":"closed","ping_status":"closed","template":"","meta":{"footnotes":""},"class_list":["post-25","page","type-page","status-publish","hentry","has-post-thumbnail"],"_links":{"self":[{"href":"https:\/\/matarsylla.com\/index.php\/wp-json\/wp\/v2\/pages\/25","targetHints":{"allow":["GET"]}}],"collection":[{"href":"https:\/\/matarsylla.com\/index.php\/wp-json\/wp\/v2\/pages"}],"about":[{"href":"https:\/\/matarsylla.com\/index.php\/wp-json\/wp\/v2\/types\/page"}],"author":[{"embeddable":true,"href":"https:\/\/matarsylla.com\/index.php\/wp-json\/wp\/v2\/users\/1"}],"replies":[{"embeddable":true,"href":"https:\/\/matarsylla.com\/index.php\/wp-json\/wp\/v2\/comments?post=25"}],"version-history":[{"count":8,"href":"https:\/\/matarsylla.com\/index.php\/wp-json\/wp\/v2\/pages\/25\/revisions"}],"predecessor-version":[{"id":576,"href":"https:\/\/matarsylla.com\/index.php\/wp-json\/wp\/v2\/pages\/25\/revisions\/576"}],"wp:attachment":[{"href":"https:\/\/matarsylla.com\/index.php\/wp-json\/wp\/v2\/media?parent=25"}],"curies":[{"name":"wp","href":"https:\/\/api.w.org\/{rel}","templated":true}]}}