{"id":171,"date":"2019-12-04T12:57:14","date_gmt":"2019-12-04T12:57:14","guid":{"rendered":"https:\/\/matarsylla.com\/?page_id=171"},"modified":"2024-11-24T15:04:36","modified_gmt":"2024-11-24T15:04:36","slug":"resume","status":"publish","type":"page","link":"https:\/\/matarsylla.com\/index.php\/resume\/","title":{"rendered":"Parcours"},"content":{"rendered":"<section class=\"fw-main-row \"  >\n\t<div class=\"fw-container\">\n\t\t<div class=\"row\">\n\t\r\n\r\n<div class=\" col-xs-12 col-sm-6 \">\r\n    <div id=\"col_inner_c963db795ac67e0d3fa13f175cb0eb93\" class=\"fw-col-inner\" data-paddings=\"0px 0px 0px 0px\">\r\n    \t\n<div class=\"block-title\">\n    <h2>Experience (+35 ans)<\/h2>\n<\/div>\n\n\n<div id=\"timeline-69e74b1c076fc\" class=\"timeline clearfix\">\n\t\t<div class=\"timeline-item clearfix\">\n        <h5 class=\"item-period current\">Nov 2021 - Actuel<\/h5>\n        <span class=\"item-company\">ONES (Ordre National des Experts du S\u00e9n\u00e9gal)<\/span>\n        <h4 class=\"item-title\">Expert Industrie agr\u00e9\u00e9<\/h4>\n        <div class=\"text\">\n        \t<ul style=\"padding-left: 0;margin-left: inherit\">\r\n<li>Estimation des biens industriels<\/li>\r\n<li>Expertise Technique Construction Industrielle<\/li>\r\n<li>Etudes, Assistance et conseils techniques dans des projets\r\nindustriels et similaires en tout ou partie<\/li>\r\n<li>Expertise apr\u00e8s sinistre<\/li>\r\n<\/ul>        <\/div>\n            <\/div>\n\t\t<div class=\"timeline-item clearfix\">\n        <h5 class=\"item-period \">2022 - 2024<\/h5>\n        <span class=\"item-company\">SOFAMAC SA (PME, PMI), Dakar<\/span>\n        <h4 class=\"item-title\">Directeur G\u00e9n\u00e9ral<\/h4>\n        <div class=\"text\">\n        \t<ul style=\"padding-left: 0;margin-left: inherit\">\r\n<li>Dirige et coordonne l'ensemble des services de l'Entreprise afin de s'assurer que les objectifs de croissance soient respect\u00e9s<\/li>\r\n<li>Participer \u00e0 l'analyse des budgets, des comptes de r\u00e9sultat, du chiffre d'affaires et de toutes donn\u00e9es comptables<\/li>\r\n<li>Participer activement aux prises de d\u00e9cisions relatives aux orientations strat\u00e9giques de l'entreprise et \u00e0 sa politique<\/li>\r\n<\/ul>        <\/div>\n            <\/div>\n\t\t<div class=\"timeline-item clearfix\">\n        <h5 class=\"item-period \">2016 - 2022<\/h5>\n        <span class=\"item-company\">AFCIM SARL, Dakar<\/span>\n        <h4 class=\"item-title\">Directeur G\u00e9n\u00e9ral<\/h4>\n        <div class=\"text\">\n        \t        <\/div>\n            <\/div>\n\t\t<div class=\"timeline-item clearfix\">\n        <h5 class=\"item-period \">2003 - 2015<\/h5>\n        <span class=\"item-company\">SOCOCIM Industries<\/span>\n        <h4 class=\"item-title\">Chef de D\u00e9partement<\/h4>\n        <div class=\"text\">\n        \t        <\/div>\n            <\/div>\n\t\t<div class=\"timeline-item clearfix\">\n        <h5 class=\"item-period \">2001 - 2003<\/h5>\n        <span class=\"item-company\">SASD<\/span>\n        <h4 class=\"item-title\">Directeur G\u00e9n\u00e9ral<\/h4>\n        <div class=\"text\">\n        \t        <\/div>\n            <\/div>\n\t\t<div class=\"timeline-item clearfix\">\n        <h5 class=\"item-period \">2000 - 2001<\/h5>\n        <span class=\"item-company\">ICS (Industries Chimiques du S\u00e9n\u00e9gal), Mboro<\/span>\n        <h4 class=\"item-title\">Prestataire<\/h4>\n        <div class=\"text\">\n        \t        <\/div>\n            <\/div>\n\t\t<div class=\"timeline-item clearfix\">\n        <h5 class=\"item-period \">1999 - 2000<\/h5>\n        <span class=\"item-company\">Soci\u00e9t\u00e9 S\u00e9n\u00e9galaise des Phosphates de Thi\u00e8s, Thi\u00e8s<\/span>\n        <h4 class=\"item-title\">Chef d'Exploitation<\/h4>\n        <div class=\"text\">\n        \t        <\/div>\n            <\/div>\n\t\t<div class=\"timeline-item clearfix\">\n        <h5 class=\"item-period \">1999 - 2000<\/h5>\n        <span class=\"item-company\">Ciments du Sahel, Rufisque<\/span>\n        <h4 class=\"item-title\">Ing\u00e9nieur Projet<\/h4>\n        <div class=\"text\">\n        \t        <\/div>\n            <\/div>\n\t\t<div class=\"timeline-item clearfix\">\n        <h5 class=\"item-period \">1995 - 1999<\/h5>\n        <span class=\"item-company\">Eeximcor-Afrique, Sobodala<\/span>\n        <h4 class=\"item-title\">Directeur de Production<\/h4>\n        <div class=\"text\">\n        \t        <\/div>\n            <\/div>\n\t\t<div class=\"timeline-item clearfix\">\n        <h5 class=\"item-period \">1989 - 1995<\/h5>\n        <span class=\"item-company\">SONACOS, Etablissement Industriel de Lyndiane, SEIL<\/span>\n        <h4 class=\"item-title\">Ing\u00e9nieur Maintenance et \u00c9tudes<\/h4>\n        <div class=\"text\">\n        \t        <\/div>\n            <\/div>\n\t\t<div class=\"timeline-item clearfix\">\n        <h5 class=\"item-period \">1984 - 1989<\/h5>\n        <span class=\"item-company\">SOCOCIM Industries, Dakar<\/span>\n        <h4 class=\"item-title\">Ing\u00e9nieur des Ateliers<\/h4>\n        <div class=\"text\">\n        \t        <\/div>\n            <\/div>\n\t\t<div class=\"timeline-item clearfix\">\n        <h5 class=\"item-period \">1982 - 1984<\/h5>\n        <span class=\"item-company\">SOCOCIM Industries, Dakar<\/span>\n        <h4 class=\"item-title\">Ing\u00e9nieur Formation<\/h4>\n        <div class=\"text\">\n        \t        <\/div>\n            <\/div>\n\t<\/div>\n\t<\/div>\r\n<\/div>\r\n\r\n\r\n<div class=\" col-xs-12 col-sm-6 \">\r\n    <div id=\"col_inner_e5046c43b19e9d4f1d6ce16928d0899a\" class=\"fw-col-inner\" data-paddings=\"0px 0px 0px 0px\">\r\n    \t\n<div class=\"block-title\">\n    <h2>Formation<\/h2>\n<\/div>\n\n\n<div id=\"timeline-69e74b1c083f0\" class=\"timeline clearfix\">\n\t\t<div class=\"timeline-item clearfix\">\n        <h5 class=\"item-period current\">1979 - 1982<\/h5>\n        <span class=\"item-company\">ENSUT (actuel ESP)<\/span>\n        <h4 class=\"item-title\">Dipl\u00f4me d'Ing\u00e9nieur G\u00e9nie M\u00e9canique, Gestion de la qualit\u00e9 Comptabilit\u00e9 G\u00e9n\u00e9rale et Analytique<\/h4>\n        <div class=\"text\">\n        \t        <\/div>\n            <\/div>\n\t\t<div class=\"timeline-item clearfix\">\n        <h5 class=\"item-period \">1977 - 1979<\/h5>\n        <span class=\"item-company\">ENSUT (actuel ESP)<\/span>\n        <h4 class=\"item-title\">Dipl\u00f4me Universitaire de Technologie<\/h4>\n        <div class=\"text\">\n        \t        <\/div>\n            <\/div>\n\t<\/div>\n\t<\/div>\r\n<\/div>\r\n<\/div>\n\n\t<\/div>\n<\/section>\n\n","protected":false},"excerpt":{"rendered":"<p>Experience (+35 ans) Nov 2021 &#8211; Actuel ONES (Ordre National des Experts du S\u00e9n\u00e9gal) Expert Industrie agr\u00e9\u00e9 Estimation des biens industriels Expertise Technique Construction Industrielle Etudes, Assistance et conseils techniques dans des projets industriels et similaires en tout ou partie Expertise apr\u00e8s sinistre 2022 &#8211; 2024 SOFAMAC SA (PME, PMI), Dakar Directeur G\u00e9n\u00e9ral Dirige et&#8230;<\/p>\n<p><a class=\"read-more\" href=\"https:\/\/matarsylla.com\/index.php\/resume\/\">Read More<\/a><\/p>\n","protected":false},"author":1,"featured_media":0,"parent":0,"menu_order":0,"comment_status":"closed","ping_status":"closed","template":"","meta":{"footnotes":""},"class_list":["post-171","page","type-page","status-publish","hentry"],"_links":{"self":[{"href":"https:\/\/matarsylla.com\/index.php\/wp-json\/wp\/v2\/pages\/171","targetHints":{"allow":["GET"]}}],"collection":[{"href":"https:\/\/matarsylla.com\/index.php\/wp-json\/wp\/v2\/pages"}],"about":[{"href":"https:\/\/matarsylla.com\/index.php\/wp-json\/wp\/v2\/types\/page"}],"author":[{"embeddable":true,"href":"https:\/\/matarsylla.com\/index.php\/wp-json\/wp\/v2\/users\/1"}],"replies":[{"embeddable":true,"href":"https:\/\/matarsylla.com\/index.php\/wp-json\/wp\/v2\/comments?post=171"}],"version-history":[{"count":23,"href":"https:\/\/matarsylla.com\/index.php\/wp-json\/wp\/v2\/pages\/171\/revisions"}],"predecessor-version":[{"id":530,"href":"https:\/\/matarsylla.com\/index.php\/wp-json\/wp\/v2\/pages\/171\/revisions\/530"}],"wp:attachment":[{"href":"https:\/\/matarsylla.com\/index.php\/wp-json\/wp\/v2\/media?parent=171"}],"curies":[{"name":"wp","href":"https:\/\/api.w.org\/{rel}","templated":true}]}}