{"id":157,"date":"2024-11-06T16:10:00","date_gmt":"2024-11-06T16:10:00","guid":{"rendered":"https:\/\/matarsylla.com\/?page_id=157"},"modified":"2025-07-29T16:36:56","modified_gmt":"2025-07-29T16:36:56","slug":"about-me","status":"publish","type":"page","link":"https:\/\/matarsylla.com\/","title":{"rendered":"Accueil"},"content":{"rendered":"<p><section class=\"fw-main-row \"  >\n\t<div class=\"fw-container\">\n\t\t<div class=\"row\">\n\t\r\n\r\n<div class=\" col-xs-12 col-sm-12 \">\r\n    <div id=\"col_inner_877489360620b3037fc9b064f63a7372\" class=\"fw-col-inner\" data-paddings=\"0px 0px 0px 0px\">\r\n    \t\n<div id=\"home_content_954218bfd87cb3b458721f4a70135965\" class=\"home-content\">\n    <div class=\"row flex-v-align\">\n        <div class=\"col-sm-12 col-md-5 col-lg-5\">\n            <div class=\"home-photo\">\n                <div class=\"hp-inner\"><\/div>\n            <\/div>\n        <\/div>\n\n        <div class=\"col-sm-12 col-md-7 col-lg-7\">\n            <div class=\"home-text hp-left\">\n                                <div class=\"owl-carousel text-rotation\">                                    \n                                            <div class=\"item\">\n                            <h4>Expert Industrie Agr\u00e9\u00e9<\/h4>\n                        <\/div>\n                                            <div class=\"item\">\n                            <h4>Leader et Consultant Expert<\/h4>\n                        <\/div>\n                                    <\/div>\n                                <h1>Matar SYLLA<\/h1>\n                <p>Expert Industrie Agr\u00e9\u00e9 par l\u2019ONES (Ordre National des Experts du S\u00e9n\u00e9gal).<br \/> Un savoir-faire acquis par la capitalisation de trente cinq ans d\u2019exp\u00e9riences dans les Technologies des Industries Extractives (Cimenterie, Or, Phosphate), Agro-alimentaires (Huilerie, Savonnerie), Construction (briqueterie).<br \/> Les diff\u00e9rents postes de responsabilit\u00e9s occup\u00e9s (cf. <a href=\"\/resume\">Parcours<\/a>) durant ces ann\u00e9es, couvrent aussi bien les \u00c9tudes, la Formation, la Maintenance, la Production, la Gestion Administrative.<br \/><br \/> Mon cabinet est inscrit sur la plateforme ST CNSCL.<\/p>\n                                   <div class=\"home-buttons\">\n                                            <a href=\"\/resume\" target=\"_blank\" id=\"27f685014c746feeaeeb315fb4c642cb\" class=\"btn btn-primary\">Plus d&#039;infos<\/a>\n                                            <a href=\"\/contact\" target=\"_blank\" id=\"448222c68d2c52b79960066b9245c571\" class=\"btn btn-secondary\">Contact<\/a>\n                                        <\/div>\n                                <\/div>\n        <\/div>\n    <\/div>\n<\/div>\n\n\t<div class=\"fw-divider-space\" style=\"padding-top: 50px;\"><\/div>\n\t<\/div>\r\n<\/div>\r\n<\/div>\n\n<div class=\"row\">\n\t\r\n\r\n<div class=\" col-xs-12 col-sm-12 \">\r\n    <div id=\"col_inner_c2094ed9c996102f2ef70b6125c4fbf5\" class=\"fw-col-inner\" data-paddings=\"0px 0px 0px 0px\">\r\n    \t\n<div class=\"block-title\">\n    <h2 id=\"activites\">Activit\u00e9s<\/h2>\n<\/div>\n\t<\/div>\r\n<\/div>\r\n<\/div>\n\n<div class=\"row\">\n\t\r\n\r\n<div class=\" col-xs-12 col-sm-6 \">\r\n    <div id=\"col_inner_3fa94961ec32117c71b91b80d4565769\" class=\"fw-col-inner\" data-paddings=\"0px 0px 0px 0px\">\r\n    \t\n<div id=\"info-list-69e736d14bf1e\" class=\"info-list-w-icon\">\n\t\n\t\t\t<div class=\"info-block-w-icon\">\n\t\t    <div class=\"ci-icon\">\n\t\t        \t\t        \t                        <i class=\"lnr lnr-briefcase\"><\/i>\n\t\t                \t\t    <\/div>\n\t\t    <div class=\"ci-text\">\n\t\t        <h4>Consulting<\/h4>\n\t\t        \t\t        <p><ul style=\"padding-left: 0;margin-left: inherit\">\r\n<li>Expertises m\u00e9tiers permettant d'apporter des \u00e9clairages essentiels aux prises de d\u00e9cisions strat\u00e9giques<\/li>\r\n<li>Assistance technique<\/li>\r\n<li>Ma\u00eetrise d'\u0153uvre<\/li><\/p>\n\t\t        \t\t    <\/div>\n\t\t<\/div>\n\t\t\t<div class=\"info-block-w-icon\">\n\t\t    <div class=\"ci-icon\">\n\t\t        \t\t        \t                        <i class=\"linecons linecons-banknote\"><\/i>\n\t\t                \t\t    <\/div>\n\t\t    <div class=\"ci-text\">\n\t\t        <h4>Estimation de biens industriels<\/h4>\n\t\t        \t\t        <p>\u00c9valuation des \u00e9quipements et installations industrielles<\/p>\n\t\t        \t\t    <\/div>\n\t\t<\/div>\n\t\t\t<div class=\"info-block-w-icon\">\n\t\t    <div class=\"ci-icon\">\n\t\t        \t\t        \t                        <i class=\"pe-7s-tools\"><\/i>\n\t\t                \t\t    <\/div>\n\t\t    <div class=\"ci-text\">\n\t\t        <h4>Expertise technique construction ou expertise judiciaire en construction<\/h4>\n\t\t        \t\t        <p><ul style=\"padding-left: 0;margin-left: inherit\">\r\n<li>Identification et description des d\u00e9sordres<\/li>\r\n<li>Causes techniques d\u2019apparition de ces d\u00e9sordres<\/li>\r\n<li>R\u00e9parations \u00e0 mettre en \u0153uvre et le montant de ces r\u00e9parations<\/li>\r\n<li>Visites d'\u00e9tat, expertises m\u00e9tiers et contr\u00f4les s\u00e9curit\u00e9.<\/li>\r\n<\/ul><\/p>\n\t\t        \t\t    <\/div>\n\t\t<\/div>\n\t<\/div>\n\t<\/div>\r\n<\/div>\r\n\r\n\r\n<div class=\" col-xs-12 col-sm-6 \">\r\n    <div id=\"col_inner_931ccceee4bc772acc2735fc06fc1c62\" class=\"fw-col-inner\" data-paddings=\"0px 0px 0px 0px\">\r\n    \t\n<div id=\"info-list-69e736d14c61a\" class=\"info-list-w-icon\">\n\t\n\t\t\t<div class=\"info-block-w-icon\">\n\t\t    <div class=\"ci-icon\">\n\t\t        \t\t        \t                        <i class=\"lnr lnr-magic-wand\"><\/i>\n\t\t                \t\t    <\/div>\n\t\t    <div class=\"ci-text\">\n\t\t        <h4>Expertise apr\u00e8s sinistre<\/h4>\n\t\t        \t\t        <p><ul style=\"padding-left: 0;margin-left: inherit\">\r\n<li>Expertise des dommages apr\u00e8s sinistres<\/li>\r\n<li>V\u00e9rification risques<\/li>\r\n<li>D\u00e9termination des causes<\/li>\r\n<li>Chiffrage des dommages mat\u00e9riels et immat\u00e9riels<\/li>\r\n<li>Pertes d\u2019exploitation<\/li>\r\n<\/ul><\/p>\n\t\t        \t\t    <\/div>\n\t\t<\/div>\n\t\t\t<div class=\"info-block-w-icon\">\n\t\t    <div class=\"ci-icon\">\n\t\t        \t\t        \t                        <i class=\"lnr lnr-rocket\"><\/i>\n\t\t                \t\t    <\/div>\n\t\t    <div class=\"ci-text\">\n\t\t        <h4>Performance Industrielle<\/h4>\n\t\t        \t\t        <p><ul style=\"padding-left: 0;margin-left: inherit\">\r\n<li>Audit de la maintenance et de la production par l\u2019analyse de l\u2019organisation et des pratiques afin d\u2019identifier les gains potentiels<\/li>\r\n<li>Transformation de la Maintenance par:\r\n<ul style=\"margin-top: 0;padding-left: 1em\">\r\n<li>Optimisation de la gestion des activit\u00e9s \u00e0 travers la fiabilit\u00e9, la r\u00e9duction de la dur\u00e9e et du nombre de pannes<\/li>\r\n<li>Renforcement des comp\u00e9tences par des actions de formation. Exemples : Management maintenance, Gestion des Pannes et optimisation des temps d\u2019interventions, Analyse AMDEC, Transmission de puissance, Transporteurs \u00e0 bande, Lubrification-\u00c9tanch\u00e9it\u00e9 industrielle, Hydraulique Industrielle<\/li>\r\n<\/ul>\r\n<\/li>\r\n<\/ul><\/p>\n\t\t        \t\t    <\/div>\n\t\t<\/div>\n\t<\/div>\n\t<\/div>\r\n<\/div>\r\n<\/div>\n\n<div class=\"row\">\n\t\r\n\r\n<div class=\" col-xs-12 col-sm-12 \">\r\n    <div id=\"col_inner_28268963d54f17fbf0a61a920e475dcf\" class=\"fw-col-inner\" data-paddings=\"0px 0px 0px 0px\">\r\n    \t\n\t<div class=\"fw-divider-space\" style=\"padding-top: 20px;\"><\/div>\n\n<div class=\"block-title\">\n    <h2>Quelques r\u00e9f\u00e9rences<\/h2>\n<\/div>\n\n<div id=\"clients_ea5ef3c3560c2e0e923f56acc53b32d4\" class=\"clients owl-carousel\" data-mobile-items=\"1\" data-tablet-items=\"3\" data-items=\"6\">\n\n\t\t\t<div class=\"client-block\">\n\t\t\t\t\t\t<a href=\"https:\/\/www.experts-ones.com\/\" target=\"_blank\" title=\"ONES\">\n\t\t\t\n\t\t\t\t\t\t\t\t<img decoding=\"async\" src=\"\/\/matarsylla.com\/wp-content\/uploads\/2024\/11\/logo_ones.png\" alt=\"ONES\">\n\n\t\t\t\t\t\t<\/a>\n\t\t\t\t\t<\/div>\n\t\t\t<div class=\"client-block\">\n\t\t\t\t\t\t<a href=\"https:\/\/www.sococim.com\/\" target=\"_blank\" title=\"SOCOCIM Industries\">\n\t\t\t\n\t\t\t\t\t\t\t\t<img decoding=\"async\" src=\"\/\/matarsylla.com\/wp-content\/uploads\/2024\/11\/logo_sococim.png\" alt=\"SOCOCIM Industries\">\n\n\t\t\t\t\t\t<\/a>\n\t\t\t\t\t<\/div>\n\t\t\t<div class=\"client-block\">\n\t\t\t\t\t\t<a href=\"https:\/\/www.malbazacement.com\/\" target=\"_blank\" title=\"MCC Niger\">\n\t\t\t\n\t\t\t\t\t\t\t\t<img decoding=\"async\" src=\"\/\/matarsylla.com\/wp-content\/uploads\/2024\/11\/logo_mcc_niger.png\" alt=\"MCC Niger\">\n\n\t\t\t\t\t\t<\/a>\n\t\t\t\t\t<\/div>\n\t\t\t<div class=\"client-block\">\n\t\t\t\t\t\t<a href=\"https:\/\/www.vivafrik.com\/sedab-sarl\" target=\"_blank\" title=\"SEDAB SA\">\n\t\t\t\n\t\t\t\t\t\t\t\t<img decoding=\"async\" src=\"\/\/matarsylla.com\/wp-content\/uploads\/2024\/11\/logo_sedab_sa.jpg\" alt=\"SEDAB SA\">\n\n\t\t\t\t\t\t<\/a>\n\t\t\t\t\t<\/div>\n\t\t\t<div class=\"client-block\">\n\t\t\t\t\t\t<a href=\"https:\/\/www.tso.fr\" target=\"_blank\" title=\"TSO\/NGE\">\n\t\t\t\n\t\t\t\t\t\t\t\t<img decoding=\"async\" src=\"\/\/matarsylla.com\/wp-content\/uploads\/2024\/11\/TSO-NGE-LOGO-BLEU.png\" alt=\"TSO\/NGE\">\n\n\t\t\t\t\t\t<\/a>\n\t\t\t\t\t<\/div>\n\t\t\t<div class=\"client-block\">\n\t\t\t\t\t\t<a href=\"https:\/\/rouxafrique.com\" target=\"_blank\" title=\"Roux Afrique\">\n\t\t\t\n\t\t\t\t\t\t\t\t<img decoding=\"async\" src=\"\/\/matarsylla.com\/wp-content\/uploads\/2024\/11\/log_roux_afrique.webp\" alt=\"Roux Afrique\">\n\n\t\t\t\t\t\t<\/a>\n\t\t\t\t\t<\/div>\n\t\t\t<div class=\"client-block\">\n\t\t\t\t\t\t<a href=\"https:\/\/www.bsa-technologie.com\/filiales\/BSA-Ciment\" target=\"_blank\" title=\"BSA Ciment\">\n\t\t\t\n\t\t\t\t\t\t\t\t<img decoding=\"async\" src=\"\/\/matarsylla.com\/wp-content\/uploads\/2024\/11\/Betterimage.ai_1730924390820-removebg-preview.png\" alt=\"BSA Ciment\">\n\n\t\t\t\t\t\t<\/a>\n\t\t\t\t\t<\/div>\n\t\t\t<div class=\"client-block\">\n\t\t\t\t\t\t<a href=\"https:\/\/cement.dangote.com\/senegal\/\" target=\"_blank\" title=\"Dangote Cement\">\n\t\t\t\n\t\t\t\t\t\t\t\t<img decoding=\"async\" src=\"\/\/matarsylla.com\/wp-content\/uploads\/2024\/11\/log_dangote_blue.jpg\" alt=\"Dangote Cement\">\n\n\t\t\t\t\t\t<\/a>\n\t\t\t\t\t<\/div>\n\t\t\t<div class=\"client-block\">\n\t\t\t\t\t\t<a href=\"https:\/\/cnscl.sn\/\" target=\"_blank\" title=\"ST CNSCL\">\n\t\t\t\n\t\t\t\t\t\t\t\t<img decoding=\"async\" src=\"\/\/matarsylla.com\/wp-content\/uploads\/2024\/11\/logo_st_cnscl.png\" alt=\"ST CNSCL\">\n\n\t\t\t\t\t\t<\/a>\n\t\t\t\t\t<\/div>\n\t\n<\/div>\n\n\t<div class=\"fw-divider-space\" style=\"padding-top: 20px;\"><\/div>\n\t<\/div>\r\n<\/div>\r\n<\/div>\n\n\t<\/div>\n<\/section>\n<section class=\"fw-main-row \"  >\n\t<div class=\"fw-container\">\n\t\t<div class=\"row\">\n\t\r\n\r\n<div class=\" col-xs-12 col-sm-12 \">\r\n    <div id=\"col_inner_40758659487307c7f4f0c2988fe524ad\" class=\"fw-col-inner\" data-paddings=\"0px 0px 0px 0px\">\r\n    \t\n<div class=\"block-title\">\n    <h2>Chiffres Cl\u00e9s<\/h2>\n<\/div>\n\t<\/div>\r\n<\/div>\r\n<\/div>\n\n<div class=\"row\">\n\t\r\n\r\n<div class=\" col-xs-12 col-sm-3 \">\r\n    <div id=\"col_inner_831ae7ae8f7189a8a47ec09caf7501f4\" class=\"fw-col-inner\" data-paddings=\"0px 0px 0px 0px\">\r\n    \t\n<div class=\"lm-info-block gray-default\">\n                        <i class=\"linecons linecons-clock\"><\/i>\n                <h4>Ann\u00e9es d'exp\u00e9rience<\/h4>\n    <span class=\"lm-info-block-value\">+35<\/span>\n    <span class=\"lm-info-block-text\"><\/span>\n<\/div>\n\t<\/div>\r\n<\/div>\r\n\r\n\r\n<div class=\" col-xs-12 col-sm-3 \">\r\n    <div id=\"col_inner_7f8682d39c5ba46b284a08d3db46c5f6\" class=\"fw-col-inner\" data-paddings=\"0px 0px 0px 0px\">\r\n    \t\n<div class=\"lm-info-block gray-default\">\n                        <i class=\"linecons linecons-heart\"><\/i>\n                <h4>Clients satisfaits<\/h4>\n    <span class=\"lm-info-block-value\">15<\/span>\n    <span class=\"lm-info-block-text\"><\/span>\n<\/div>\n\t<\/div>\r\n<\/div>\r\n\r\n\r\n<div class=\" col-xs-12 col-sm-3 \">\r\n    <div id=\"col_inner_a719203952a1d6b1e4e8878645682d3c\" class=\"fw-col-inner\" data-paddings=\"0px 0px 0px 0px\">\r\n    \t\n<div class=\"lm-info-block gray-default\">\n                        <i class=\"linecons linecons-bulb\"><\/i>\n                <h4>Domaines d'Expertise<\/h4>\n    <span class=\"lm-info-block-value\">+5<\/span>\n    <span class=\"lm-info-block-text\"><\/span>\n<\/div>\n\t<\/div>\r\n<\/div>\r\n\r\n\r\n<div class=\" col-xs-12 col-sm-3 \">\r\n    <div id=\"col_inner_6d4fcdd7dc42e01531a70050562e10e6\" class=\"fw-col-inner\" data-paddings=\"0px 0px 0px 0px\">\r\n    \t\n<div class=\"lm-info-block gray-default\">\n                        <i class=\"linecons linecons-location\"><\/i>\n                <h4>Pays d'intervention<\/h4>\n    <span class=\"lm-info-block-value\">8<\/span>\n    <span class=\"lm-info-block-text\"><\/span>\n<\/div>\n\t<\/div>\r\n<\/div>\r\n<\/div>\n\n<div class=\"row\">\n\t\r\n\r\n<div class=\" col-xs-12 col-sm-12 \">\r\n    <div id=\"col_inner_40758659487307c7f4f0c2988fe524ad\" class=\"fw-col-inner\" data-paddings=\"0px 0px 0px 0px\">\r\n    \t\n\t<div class=\"fw-divider-space\" style=\"padding-top: 20px;\"><\/div>\n\t<\/div>\r\n<\/div>\r\n<\/div>\n\n\t<\/div>\n<\/section>\n<\/p>\n","protected":false},"excerpt":{"rendered":"<p>Expert Industrie Agr\u00e9\u00e9 Leader et Consultant Expert Matar SYLLA Expert Industrie Agr\u00e9\u00e9 par l\u2019ONES (Ordre National des Experts du S\u00e9n\u00e9gal). Un savoir-faire acquis par la capitalisation de trente cinq ans d\u2019exp\u00e9riences dans les Technologies des Industries Extractives (Cimenterie, Or, Phosphate), Agro-alimentaires (Huilerie, Savonnerie), Construction (briqueterie). Les diff\u00e9rents postes de responsabilit\u00e9s occup\u00e9s (cf. Parcours) durant ces&#8230;<\/p>\n<p><a class=\"read-more\" href=\"https:\/\/matarsylla.com\/\">Read More<\/a><\/p>\n","protected":false},"author":1,"featured_media":691,"parent":0,"menu_order":0,"comment_status":"closed","ping_status":"closed","template":"","meta":{"footnotes":""},"class_list":["post-157","page","type-page","status-publish","has-post-thumbnail","hentry"],"_links":{"self":[{"href":"https:\/\/matarsylla.com\/index.php\/wp-json\/wp\/v2\/pages\/157","targetHints":{"allow":["GET"]}}],"collection":[{"href":"https:\/\/matarsylla.com\/index.php\/wp-json\/wp\/v2\/pages"}],"about":[{"href":"https:\/\/matarsylla.com\/index.php\/wp-json\/wp\/v2\/types\/page"}],"author":[{"embeddable":true,"href":"https:\/\/matarsylla.com\/index.php\/wp-json\/wp\/v2\/users\/1"}],"replies":[{"embeddable":true,"href":"https:\/\/matarsylla.com\/index.php\/wp-json\/wp\/v2\/comments?post=157"}],"version-history":[{"count":88,"href":"https:\/\/matarsylla.com\/index.php\/wp-json\/wp\/v2\/pages\/157\/revisions"}],"predecessor-version":[{"id":694,"href":"https:\/\/matarsylla.com\/index.php\/wp-json\/wp\/v2\/pages\/157\/revisions\/694"}],"wp:featuredmedia":[{"embeddable":true,"href":"https:\/\/matarsylla.com\/index.php\/wp-json\/wp\/v2\/media\/691"}],"wp:attachment":[{"href":"https:\/\/matarsylla.com\/index.php\/wp-json\/wp\/v2\/media?parent=157"}],"curies":[{"name":"wp","href":"https:\/\/api.w.org\/{rel}","templated":true}]}}